{"id":2347,"date":"2020-12-17T17:20:43","date_gmt":"2020-12-17T16:20:43","guid":{"rendered":"http:\/\/www.restamoulds.it\/diseno\/"},"modified":"2021-07-29T15:55:09","modified_gmt":"2021-07-29T13:55:09","slug":"diseno","status":"publish","type":"page","link":"https:\/\/www.restamoulds.it\/es\/diseno\/","title":{"rendered":"Dise\u00f1o"},"content":{"rendered":"<p>[vc_row padding_bottom=\u00bb0&#8243;][vc_column]\n\t<div class=\"custom-heading wpb_content_element \">\n\t\t<h2 class=\"heading-title\" >El Dise\u00f1o<\/h2>\n\t\t<span class=\"heading-line primary\"><\/span>\n\t<\/div>[\/vc_column][\/vc_row][vc_row margin_top=\u00bb0&#8243; padding_top=\u00bb10&#8243;][vc_column width=\u00bb1\/2&#8243;][vc_column_text]La realizaci\u00f3n de un molde se desarrolla siempre a partir de la <strong>horma<\/strong> y el <strong>dise\u00f1o<\/strong> que nos proporciona normalmente el cliente.<br \/>\nDe la horma obtenemos r\u00e1pidamente un escaneo tridimensional gracias al uso de un l\u00e1ser para la lectura de los modelos.<\/p>\n<p>El desarrollo del dibujo con CAD 2D y la posterior preparaci\u00f3n del modelo 3D se realiza mediante el uso de esc\u00e1neres \u00f3pticos y sistemas CAD\/CAM, PowerShape, PowerMill de Autodesk\u00ae y Cimatron de Microsystem\u00ae, lo que de este modo garantiza la realizaci\u00f3n de <strong>moldes de alta calidad<\/strong>.<\/p>\n<p>En esta primera <strong>fase de dise\u00f1o<\/strong>, el software se revela como una herramienta valiosa, ya que permite:<br \/>\n&#8211; tener una visi\u00f3n global del proyecto incluso antes de su elaboraci\u00f3n mec\u00e1nica;<br \/>\n&#8211; realizar una r\u00e1pida correcci\u00f3n del proyecto por posibles cambios solicitados por el cliente.[\/vc_column_text][\/vc_column][vc_column width=\u00bb1\/2&#8243;][vc_column_text]<\/p>\n\n        <style type='text\/css'>\n            #gallery-1 .gallery-item {\n                float: left;\n                text-align: center;\n                width: 50%;\n                margin-bottom:0;\n            }\n            #gallery-1 img {\n            }\n            #gallery-1 .gallery-caption {\n                margin-left: 0;\n            }\n        <\/style>\n        <script type='text\/javascript'>\n        \tjQuery(document).ready(function() {\n\t\t\t\tjQuery('.galleryid-2347').magnificPopup({\n\t\t\t\t\tdelegate: '.gallery-item a',\n\t\t\t\t\ttype: 'image',\n\t\t\t\t\tgallery:{\n\t\t\t\t\t\tenabled:true\n\t\t\t\t\t},\n\t\t\t\t\tzoom: {\n\t\t\t\t\t\tenabled:true\n\t\t\t\t\t}\n\t\t\t\t});\n\t\t\t});\n        <\/script>\n\t\t<div id='gallery-1' class='gallery galleryid-2347 gallery-columns-2 gallery-size-medium-thumb gallery-lightbox'><dl class='gallery-item'>\n            <dt class='gallery-icon'>\n                <a href='https:\/\/www.restamoulds.it\/wp-content\/uploads\/2021\/07\/proge_new1.jpg'><img loading=\"lazy\" decoding=\"async\" width=\"600\" height=\"300\" src=\"https:\/\/www.restamoulds.it\/wp-content\/uploads\/2021\/07\/proge_new1-600x300.jpg\" class=\"attachment-medium-thumb size-medium-thumb\" alt=\"\" srcset=\"https:\/\/www.restamoulds.it\/wp-content\/uploads\/2021\/07\/proge_new1-600x300.jpg 600w, https:\/\/www.restamoulds.it\/wp-content\/uploads\/2021\/07\/proge_new1-400x200.jpg 400w\" sizes=\"auto, (max-width: 600px) 100vw, 600px\" \/><\/a>\n            <\/dt><\/dl><dl class='gallery-item'>\n            <dt class='gallery-icon'>\n                <a href='https:\/\/www.restamoulds.it\/wp-content\/uploads\/2021\/07\/proge_new2.jpg'><img loading=\"lazy\" decoding=\"async\" width=\"600\" height=\"300\" src=\"https:\/\/www.restamoulds.it\/wp-content\/uploads\/2021\/07\/proge_new2-600x300.jpg\" class=\"attachment-medium-thumb size-medium-thumb\" alt=\"\" srcset=\"https:\/\/www.restamoulds.it\/wp-content\/uploads\/2021\/07\/proge_new2-600x300.jpg 600w, https:\/\/www.restamoulds.it\/wp-content\/uploads\/2021\/07\/proge_new2-400x200.jpg 400w\" sizes=\"auto, (max-width: 600px) 100vw, 600px\" \/><\/a>\n            <\/dt><\/dl><div class=\"clear\"><\/div><dl class='gallery-item'>\n            <dt class='gallery-icon'>\n                <a href='https:\/\/www.restamoulds.it\/wp-content\/uploads\/2021\/07\/proge_new3.jpg'><img loading=\"lazy\" decoding=\"async\" width=\"600\" height=\"300\" src=\"https:\/\/www.restamoulds.it\/wp-content\/uploads\/2021\/07\/proge_new3-600x300.jpg\" class=\"attachment-medium-thumb size-medium-thumb\" alt=\"\" srcset=\"https:\/\/www.restamoulds.it\/wp-content\/uploads\/2021\/07\/proge_new3-600x300.jpg 600w, https:\/\/www.restamoulds.it\/wp-content\/uploads\/2021\/07\/proge_new3-400x200.jpg 400w\" sizes=\"auto, (max-width: 600px) 100vw, 600px\" \/><\/a>\n            <\/dt><\/dl><dl class='gallery-item'>\n            <dt class='gallery-icon'>\n                <a href='https:\/\/www.restamoulds.it\/wp-content\/uploads\/2021\/07\/proge_new4.jpg'><img loading=\"lazy\" decoding=\"async\" width=\"600\" height=\"300\" src=\"https:\/\/www.restamoulds.it\/wp-content\/uploads\/2021\/07\/proge_new4-600x300.jpg\" class=\"attachment-medium-thumb size-medium-thumb\" alt=\"\" srcset=\"https:\/\/www.restamoulds.it\/wp-content\/uploads\/2021\/07\/proge_new4-600x300.jpg 600w, https:\/\/www.restamoulds.it\/wp-content\/uploads\/2021\/07\/proge_new4-400x200.jpg 400w\" sizes=\"auto, (max-width: 600px) 100vw, 600px\" \/><\/a>\n            <\/dt><\/dl><div class=\"clear\"><\/div><dl class='gallery-item'>\n            <dt class='gallery-icon'>\n                <a href='https:\/\/www.restamoulds.it\/wp-content\/uploads\/2021\/07\/proge_new1_7.jpg'><img loading=\"lazy\" decoding=\"async\" width=\"600\" height=\"300\" src=\"https:\/\/www.restamoulds.it\/wp-content\/uploads\/2021\/07\/proge_new1_7-600x300.jpg\" class=\"attachment-medium-thumb size-medium-thumb\" alt=\"\" srcset=\"https:\/\/www.restamoulds.it\/wp-content\/uploads\/2021\/07\/proge_new1_7-600x300.jpg 600w, https:\/\/www.restamoulds.it\/wp-content\/uploads\/2021\/07\/proge_new1_7-400x200.jpg 400w\" sizes=\"auto, (max-width: 600px) 100vw, 600px\" \/><\/a>\n            <\/dt><\/dl><dl class='gallery-item'>\n            <dt class='gallery-icon'>\n                <a href='https:\/\/www.restamoulds.it\/wp-content\/uploads\/2021\/07\/proge_new2_7.jpg'><img loading=\"lazy\" decoding=\"async\" width=\"600\" height=\"300\" src=\"https:\/\/www.restamoulds.it\/wp-content\/uploads\/2021\/07\/proge_new2_7-600x300.jpg\" class=\"attachment-medium-thumb size-medium-thumb\" alt=\"\" srcset=\"https:\/\/www.restamoulds.it\/wp-content\/uploads\/2021\/07\/proge_new2_7-600x300.jpg 600w, https:\/\/www.restamoulds.it\/wp-content\/uploads\/2021\/07\/proge_new2_7-400x200.jpg 400w\" sizes=\"auto, (max-width: 600px) 100vw, 600px\" \/><\/a>\n            <\/dt><\/dl><div class=\"clear\"><\/div><dl class='gallery-item'>\n            <dt class='gallery-icon'>\n                <a href='https:\/\/www.restamoulds.it\/wp-content\/uploads\/2021\/07\/proge_new3_7.jpg'><img loading=\"lazy\" decoding=\"async\" width=\"600\" height=\"300\" src=\"https:\/\/www.restamoulds.it\/wp-content\/uploads\/2021\/07\/proge_new3_7-600x300.jpg\" class=\"attachment-medium-thumb size-medium-thumb\" alt=\"\" srcset=\"https:\/\/www.restamoulds.it\/wp-content\/uploads\/2021\/07\/proge_new3_7-600x300.jpg 600w, https:\/\/www.restamoulds.it\/wp-content\/uploads\/2021\/07\/proge_new3_7-400x200.jpg 400w\" sizes=\"auto, (max-width: 600px) 100vw, 600px\" \/><\/a>\n            <\/dt><\/dl><dl class='gallery-item'>\n            <dt class='gallery-icon'>\n                <a href='https:\/\/www.restamoulds.it\/wp-content\/uploads\/2021\/07\/proge_new4_7.jpg'><img loading=\"lazy\" decoding=\"async\" width=\"600\" height=\"300\" src=\"https:\/\/www.restamoulds.it\/wp-content\/uploads\/2021\/07\/proge_new4_7-600x300.jpg\" class=\"attachment-medium-thumb size-medium-thumb\" alt=\"\" srcset=\"https:\/\/www.restamoulds.it\/wp-content\/uploads\/2021\/07\/proge_new4_7-600x300.jpg 600w, https:\/\/www.restamoulds.it\/wp-content\/uploads\/2021\/07\/proge_new4_7-400x200.jpg 400w\" sizes=\"auto, (max-width: 600px) 100vw, 600px\" \/><\/a>\n            <\/dt><\/dl><div class=\"clear\"><\/div>\n            <div class=\"clear\"><\/div>\n        <\/div>\n\n<p>[\/vc_column_text][\/vc_column][\/vc_row]<\/p>\n","protected":false},"excerpt":{"rendered":"<p>[vc_row padding_bottom=\u00bb0&#8243;][vc_column][\/vc_column][\/vc_row][vc_row margin_top=\u00bb0&#8243; padding_top=\u00bb10&#8243;][vc_column width=\u00bb1\/2&#8243;][vc_column_text]La realizaci\u00f3n de un molde se desarrolla siempre a partir de la horma y el dise\u00f1o que &#8230;<\/p>\n","protected":false},"author":1,"featured_media":0,"parent":0,"menu_order":0,"comment_status":"closed","ping_status":"closed","template":"","meta":{"footnotes":""},"class_list":["post-2347","page","type-page","status-publish","hentry"],"aioseo_notices":[],"_links":{"self":[{"href":"https:\/\/www.restamoulds.it\/es\/wp-json\/wp\/v2\/pages\/2347","targetHints":{"allow":["GET"]}}],"collection":[{"href":"https:\/\/www.restamoulds.it\/es\/wp-json\/wp\/v2\/pages"}],"about":[{"href":"https:\/\/www.restamoulds.it\/es\/wp-json\/wp\/v2\/types\/page"}],"author":[{"embeddable":true,"href":"https:\/\/www.restamoulds.it\/es\/wp-json\/wp\/v2\/users\/1"}],"replies":[{"embeddable":true,"href":"https:\/\/www.restamoulds.it\/es\/wp-json\/wp\/v2\/comments?post=2347"}],"version-history":[{"count":6,"href":"https:\/\/www.restamoulds.it\/es\/wp-json\/wp\/v2\/pages\/2347\/revisions"}],"predecessor-version":[{"id":2602,"href":"https:\/\/www.restamoulds.it\/es\/wp-json\/wp\/v2\/pages\/2347\/revisions\/2602"}],"wp:attachment":[{"href":"https:\/\/www.restamoulds.it\/es\/wp-json\/wp\/v2\/media?parent=2347"}],"curies":[{"name":"wp","href":"https:\/\/api.w.org\/{rel}","templated":true}]}}