{"id":2345,"date":"2020-12-17T17:06:39","date_gmt":"2020-12-17T16:06:39","guid":{"rendered":"http:\/\/www.restamoulds.it\/produccion\/"},"modified":"2021-07-29T16:10:38","modified_gmt":"2021-07-29T14:10:38","slug":"produccion","status":"publish","type":"page","link":"https:\/\/www.restamoulds.it\/es\/produccion\/","title":{"rendered":"Producci\u00f3n"},"content":{"rendered":"<p>[vc_row padding_bottom=\u00bb0&#8243;][vc_column]\n\t<div class=\"custom-heading wpb_content_element \">\n\t\t<h2 class=\"heading-title\" >La Producci\u00f3n<\/h2>\n\t\t<span class=\"heading-line primary\"><\/span>\n\t<\/div>[\/vc_column][\/vc_row][vc_row margin_top=\u00bb0&#8243; padding_top=\u00bb10&#8243;][vc_column width=\u00bb1\/2&#8243;][vc_column_text]Del dise\u00f1o a la producci\u00f3n hay un breve paso.<br \/>\nCon el dise\u00f1o antes mencionado obtenemos todos los datos para que nuestro proyecto se haga realidad.<\/p>\n<p>De hecho, el dise\u00f1o nos permite crear de forma inmediata el recorrido de la herramienta y enviarlo a nuestras <strong>m\u00e1quinas de control num\u00e9rico de 3 y 5 ejes<\/strong>, que garantizan la m\u00e1xima precisi\u00f3n en la fase de mecanizado.<\/p>\n<p>Posteriormente, los equipos de m\u00e1quinas copiadoras y de <strong>prueba<\/strong>, junto con la experiencia y la habilidad de nuestro personal, aseguran una excelente calidad en los productos elaborados, a <strong>costes reducidos<\/strong> y en <strong>plazos muy breves<\/strong>.<\/p>\n<p>\u2026 tecnolog\u00eda y destreza unidas para un control completo y seguro de nuestros productos.[\/vc_column_text][\/vc_column][vc_column width=\u00bb1\/2&#8243;][vc_column_text]<\/p>\n\n        <style type='text\/css'>\n            #gallery-1 .gallery-item {\n                float: left;\n                text-align: center;\n                width: 33.333333333333%;\n                margin-bottom:0;\n            }\n            #gallery-1 img {\n            }\n            #gallery-1 .gallery-caption {\n                margin-left: 0;\n            }\n        <\/style>\n        <script type='text\/javascript'>\n        \tjQuery(document).ready(function() {\n\t\t\t\tjQuery('.galleryid-2345').magnificPopup({\n\t\t\t\t\tdelegate: '.gallery-item a',\n\t\t\t\t\ttype: 'image',\n\t\t\t\t\tgallery:{\n\t\t\t\t\t\tenabled:true\n\t\t\t\t\t},\n\t\t\t\t\tzoom: {\n\t\t\t\t\t\tenabled:true\n\t\t\t\t\t}\n\t\t\t\t});\n\t\t\t});\n        <\/script>\n\t\t<div id='gallery-1' class='gallery galleryid-2345 gallery-columns-3 gallery-size-medium-thumb gallery-lightbox'><dl class='gallery-item'>\n            <dt class='gallery-icon'>\n                <a href='https:\/\/www.restamoulds.it\/wp-content\/uploads\/2019\/12\/macchina1_1.jpg'><img loading=\"lazy\" decoding=\"async\" width=\"470\" height=\"300\" src=\"https:\/\/www.restamoulds.it\/wp-content\/uploads\/2019\/12\/macchina1_1-470x300.jpg\" class=\"attachment-medium-thumb size-medium-thumb\" alt=\"\" \/><\/a>\n            <\/dt><\/dl><dl class='gallery-item'>\n            <dt class='gallery-icon'>\n                <a href='https:\/\/www.restamoulds.it\/wp-content\/uploads\/2019\/12\/macchina3_1.jpg'><img loading=\"lazy\" decoding=\"async\" width=\"470\" height=\"300\" src=\"https:\/\/www.restamoulds.it\/wp-content\/uploads\/2019\/12\/macchina3_1-470x300.jpg\" class=\"attachment-medium-thumb size-medium-thumb\" alt=\"\" \/><\/a>\n            <\/dt><\/dl><dl class='gallery-item'>\n            <dt class='gallery-icon'>\n                <a href='https:\/\/www.restamoulds.it\/wp-content\/uploads\/2019\/12\/lav5.jpg'><img loading=\"lazy\" decoding=\"async\" width=\"470\" height=\"300\" src=\"https:\/\/www.restamoulds.it\/wp-content\/uploads\/2019\/12\/lav5-470x300.jpg\" class=\"attachment-medium-thumb size-medium-thumb\" alt=\"\" \/><\/a>\n            <\/dt><\/dl><div class=\"clear\"><\/div><dl class='gallery-item'>\n            <dt class='gallery-icon'>\n                <a href='https:\/\/www.restamoulds.it\/wp-content\/uploads\/2019\/12\/lav4.jpg'><img loading=\"lazy\" decoding=\"async\" width=\"470\" height=\"300\" src=\"https:\/\/www.restamoulds.it\/wp-content\/uploads\/2019\/12\/lav4-470x300.jpg\" class=\"attachment-medium-thumb size-medium-thumb\" alt=\"\" \/><\/a>\n            <\/dt><\/dl><dl class='gallery-item'>\n            <dt class='gallery-icon'>\n                <a href='https:\/\/www.restamoulds.it\/wp-content\/uploads\/2019\/12\/lav1.jpg'><img loading=\"lazy\" decoding=\"async\" width=\"470\" height=\"300\" src=\"https:\/\/www.restamoulds.it\/wp-content\/uploads\/2019\/12\/lav1-470x300.jpg\" class=\"attachment-medium-thumb size-medium-thumb\" alt=\"\" \/><\/a>\n            <\/dt><\/dl><dl class='gallery-item'>\n            <dt class='gallery-icon'>\n                <a href='https:\/\/www.restamoulds.it\/wp-content\/uploads\/2019\/12\/lav2.jpg'><img loading=\"lazy\" decoding=\"async\" width=\"470\" height=\"300\" src=\"https:\/\/www.restamoulds.it\/wp-content\/uploads\/2019\/12\/lav2-470x300.jpg\" class=\"attachment-medium-thumb size-medium-thumb\" alt=\"\" \/><\/a>\n            <\/dt><\/dl><div class=\"clear\"><\/div><dl class='gallery-item'>\n            <dt class='gallery-icon'>\n                <a href='https:\/\/www.restamoulds.it\/wp-content\/uploads\/2019\/12\/macchina4_1.jpg'><img loading=\"lazy\" decoding=\"async\" width=\"209\" height=\"300\" src=\"https:\/\/www.restamoulds.it\/wp-content\/uploads\/2019\/12\/macchina4_1-209x300.jpg\" class=\"attachment-medium-thumb size-medium-thumb\" alt=\"\" \/><\/a>\n            <\/dt><\/dl><dl class='gallery-item'>\n            <dt class='gallery-icon'>\n                <a href='https:\/\/www.restamoulds.it\/wp-content\/uploads\/2019\/12\/lav3.jpg'><img loading=\"lazy\" decoding=\"async\" width=\"470\" height=\"300\" src=\"https:\/\/www.restamoulds.it\/wp-content\/uploads\/2019\/12\/lav3-470x300.jpg\" class=\"attachment-medium-thumb size-medium-thumb\" alt=\"\" \/><\/a>\n            <\/dt><\/dl><dl class='gallery-item'>\n            <dt class='gallery-icon'>\n                <a href='https:\/\/www.restamoulds.it\/wp-content\/uploads\/2019\/12\/macchina2_1.jpg'><img loading=\"lazy\" decoding=\"async\" width=\"470\" height=\"300\" src=\"https:\/\/www.restamoulds.it\/wp-content\/uploads\/2019\/12\/macchina2_1-470x300.jpg\" class=\"attachment-medium-thumb size-medium-thumb\" alt=\"\" \/><\/a>\n            <\/dt><\/dl><div class=\"clear\"><\/div>\n            <div class=\"clear\"><\/div>\n        <\/div>\n\n<p>[\/vc_column_text][\/vc_column][\/vc_row]<\/p>\n","protected":false},"excerpt":{"rendered":"<p>[vc_row padding_bottom=\u00bb0&#8243;][vc_column][\/vc_column][\/vc_row][vc_row margin_top=\u00bb0&#8243; padding_top=\u00bb10&#8243;][vc_column width=\u00bb1\/2&#8243;][vc_column_text]Del dise\u00f1o a la producci\u00f3n hay un breve paso. Con el dise\u00f1o antes mencionado obtenemos todos los &#8230;<\/p>\n","protected":false},"author":1,"featured_media":0,"parent":0,"menu_order":0,"comment_status":"closed","ping_status":"closed","template":"","meta":{"footnotes":""},"class_list":["post-2345","page","type-page","status-publish","hentry"],"aioseo_notices":[],"_links":{"self":[{"href":"https:\/\/www.restamoulds.it\/es\/wp-json\/wp\/v2\/pages\/2345","targetHints":{"allow":["GET"]}}],"collection":[{"href":"https:\/\/www.restamoulds.it\/es\/wp-json\/wp\/v2\/pages"}],"about":[{"href":"https:\/\/www.restamoulds.it\/es\/wp-json\/wp\/v2\/types\/page"}],"author":[{"embeddable":true,"href":"https:\/\/www.restamoulds.it\/es\/wp-json\/wp\/v2\/users\/1"}],"replies":[{"embeddable":true,"href":"https:\/\/www.restamoulds.it\/es\/wp-json\/wp\/v2\/comments?post=2345"}],"version-history":[{"count":1,"href":"https:\/\/www.restamoulds.it\/es\/wp-json\/wp\/v2\/pages\/2345\/revisions"}],"predecessor-version":[{"id":2346,"href":"https:\/\/www.restamoulds.it\/es\/wp-json\/wp\/v2\/pages\/2345\/revisions\/2346"}],"wp:attachment":[{"href":"https:\/\/www.restamoulds.it\/es\/wp-json\/wp\/v2\/media?parent=2345"}],"curies":[{"name":"wp","href":"https:\/\/api.w.org\/{rel}","templated":true}]}}