{"id":2314,"date":"2020-12-17T12:50:28","date_gmt":"2020-12-17T11:50:28","guid":{"rendered":"http:\/\/www.restamoulds.it\/empresa\/"},"modified":"2021-07-29T14:33:27","modified_gmt":"2021-07-29T12:33:27","slug":"empresa","status":"publish","type":"page","link":"https:\/\/www.restamoulds.it\/es\/empresa\/","title":{"rendered":"Empresa"},"content":{"rendered":"<p>[vc_row padding_bottom=\u00bb0&#8243;][vc_column]\n\t<div class=\"custom-heading wpb_content_element \">\n\t\t<h2 class=\"heading-title\" >Qui\u00e9nes somos<\/h2>\n\t\t<span class=\"heading-line primary\"><\/span>\n\t<\/div>[\/vc_column][\/vc_row][vc_row margin_top=\u00bb0&#8243; padding_top=\u00bb10&#8243;][vc_column width=\u00bb1\/2&#8243;][vc_column_text]<strong>Fundada en 1979<\/strong> y con un crecimiento constante, nuestro taller cuenta con la solidez de su larga experiencia, lo que le permite atender a prestigiosos clientes en Italia y en el extranjero.<br \/>\nGracias a la <strong>pasi\u00f3n<\/strong> de sus <strong>fundadores<\/strong> y a un experimentado equipo profesional, nuestra peque\u00f1a empresa ha sabido mantenerse al d\u00eda, dando siempre un espacio privilegiado a la <strong>voluntad de renovarse<\/strong> y competir.<\/p>\n<p><strong>Resta Moulds<\/strong>, hoy como ayer, reconoce el valor de la <strong>innovaci\u00f3n<\/strong>, por eso une su <strong>creatividad<\/strong> a la tuya, para encontrar juntos la <strong>idea correcta<\/strong> y crear moldes a medida de inyecci\u00f3n directa sobre el empeine para todo tipo de calzado.[\/vc_column_text][\/vc_column][vc_column width=\u00bb1\/2&#8243;][vc_column_text]<\/p>\n\n        <style type='text\/css'>\n            #gallery-1 .gallery-item {\n                float: left;\n                text-align: center;\n                width: 50%;\n                margin-bottom:0;\n            }\n            #gallery-1 img {\n            }\n            #gallery-1 .gallery-caption {\n                margin-left: 0;\n            }\n        <\/style>\n        <script type='text\/javascript'>\n        \tjQuery(document).ready(function() {\n\t\t\t\tjQuery('.galleryid-2314').magnificPopup({\n\t\t\t\t\tdelegate: '.gallery-item a',\n\t\t\t\t\ttype: 'image',\n\t\t\t\t\tgallery:{\n\t\t\t\t\t\tenabled:true\n\t\t\t\t\t},\n\t\t\t\t\tzoom: {\n\t\t\t\t\t\tenabled:true\n\t\t\t\t\t}\n\t\t\t\t});\n\t\t\t});\n        <\/script>\n\t\t<div id='gallery-1' class='gallery galleryid-2314 gallery-columns-2 gallery-size-medium-thumb gallery-lightbox'><dl class='gallery-item'>\n            <dt class='gallery-icon'>\n                <a href='https:\/\/www.restamoulds.it\/wp-content\/uploads\/2020\/01\/restamoulds_ingresso-cortile.jpg'><img loading=\"lazy\" decoding=\"async\" width=\"600\" height=\"300\" src=\"https:\/\/www.restamoulds.it\/wp-content\/uploads\/2020\/01\/restamoulds_ingresso-cortile-600x300.jpg\" class=\"attachment-medium-thumb size-medium-thumb\" alt=\"\" srcset=\"https:\/\/www.restamoulds.it\/wp-content\/uploads\/2020\/01\/restamoulds_ingresso-cortile-600x300.jpg 600w, https:\/\/www.restamoulds.it\/wp-content\/uploads\/2020\/01\/restamoulds_ingresso-cortile-400x200.jpg 400w, https:\/\/www.restamoulds.it\/wp-content\/uploads\/2020\/01\/restamoulds_ingresso-cortile-800x400.jpg 800w\" sizes=\"auto, (max-width: 600px) 100vw, 600px\" \/><\/a>\n            <\/dt><\/dl><dl class='gallery-item'>\n            <dt class='gallery-icon'>\n                <a href='https:\/\/www.restamoulds.it\/wp-content\/uploads\/2019\/12\/segrearia-resrta-moulds-376aae86.jpeg'><img loading=\"lazy\" decoding=\"async\" width=\"600\" height=\"300\" src=\"https:\/\/www.restamoulds.it\/wp-content\/uploads\/2019\/12\/segrearia-resrta-moulds-376aae86-600x300.jpeg\" class=\"attachment-medium-thumb size-medium-thumb\" alt=\"\" srcset=\"https:\/\/www.restamoulds.it\/wp-content\/uploads\/2019\/12\/segrearia-resrta-moulds-376aae86-600x300.jpeg 600w, https:\/\/www.restamoulds.it\/wp-content\/uploads\/2019\/12\/segrearia-resrta-moulds-376aae86-400x200.jpeg 400w, https:\/\/www.restamoulds.it\/wp-content\/uploads\/2019\/12\/segrearia-resrta-moulds-376aae86-800x400.jpeg 800w\" sizes=\"auto, (max-width: 600px) 100vw, 600px\" \/><\/a>\n            <\/dt><\/dl><div class=\"clear\"><\/div><dl class='gallery-item'>\n            <dt class='gallery-icon'>\n                <a href='https:\/\/www.restamoulds.it\/wp-content\/uploads\/2019\/12\/resrta-moulds1-b9643470.jpeg'><img loading=\"lazy\" decoding=\"async\" width=\"600\" height=\"300\" src=\"https:\/\/www.restamoulds.it\/wp-content\/uploads\/2019\/12\/resrta-moulds1-b9643470-600x300.jpeg\" class=\"attachment-medium-thumb size-medium-thumb\" alt=\"\" srcset=\"https:\/\/www.restamoulds.it\/wp-content\/uploads\/2019\/12\/resrta-moulds1-b9643470-600x300.jpeg 600w, https:\/\/www.restamoulds.it\/wp-content\/uploads\/2019\/12\/resrta-moulds1-b9643470-400x200.jpeg 400w, https:\/\/www.restamoulds.it\/wp-content\/uploads\/2019\/12\/resrta-moulds1-b9643470-800x400.jpeg 800w\" sizes=\"auto, (max-width: 600px) 100vw, 600px\" \/><\/a>\n            <\/dt><\/dl><dl class='gallery-item'>\n            <dt class='gallery-icon'>\n                <a href='https:\/\/www.restamoulds.it\/wp-content\/uploads\/2019\/12\/resrta-moulds-produzione-afe17a80.jpeg'><img loading=\"lazy\" decoding=\"async\" width=\"600\" height=\"300\" src=\"https:\/\/www.restamoulds.it\/wp-content\/uploads\/2019\/12\/resrta-moulds-produzione-afe17a80-600x300.jpeg\" class=\"attachment-medium-thumb size-medium-thumb\" alt=\"\" srcset=\"https:\/\/www.restamoulds.it\/wp-content\/uploads\/2019\/12\/resrta-moulds-produzione-afe17a80-600x300.jpeg 600w, https:\/\/www.restamoulds.it\/wp-content\/uploads\/2019\/12\/resrta-moulds-produzione-afe17a80-400x200.jpeg 400w, https:\/\/www.restamoulds.it\/wp-content\/uploads\/2019\/12\/resrta-moulds-produzione-afe17a80-800x400.jpeg 800w\" sizes=\"auto, (max-width: 600px) 100vw, 600px\" \/><\/a>\n            <\/dt><\/dl><div class=\"clear\"><\/div>\n            <div class=\"clear\"><\/div>\n        <\/div>\n\n<p>[\/vc_column_text][\/vc_column][\/vc_row][vc_row padding_bottom=\u00bb0&#8243;][vc_column]\n\t<div class=\"custom-heading wpb_content_element \">\n\t\t<h2 class=\"heading-title\" >EL ASESORAMIENTO<\/h2>\n\t\t<span class=\"heading-line primary\"><\/span>\n\t<\/div>[\/vc_column][\/vc_row][vc_row margin_top=\u00bb0&#8243; padding_top=\u00bb10&#8243;][vc_column width=\u00bb1\/2&#8243;][vc_column_text]Gracias a un profundo conocimiento de nuestro producto, somos capaces de seguir a nuestros clientes paso a paso, desde el <strong>asesoramiento t\u00e9cnico<\/strong> para el dise\u00f1o del dibujo, con una r\u00e1pida realizaci\u00f3n del <strong>prototipo<\/strong> del proyecto, hasta la creaci\u00f3n de un molde de muestra probado en nuestras instalaciones, para ofrecer a nuestros clientes una visi\u00f3n adecuada del <strong>producto final<\/strong>.<\/p>\n<p>Desde nuestros inicios hasta hoy, nuestro objetivo constante sigue siendo el <strong>crecimiento profesional y tecnol\u00f3gico<\/strong>: un personal experto y cualificado y una formaci\u00f3n permanente de nuestros empleados en cuanto a la producci\u00f3n y el uso de tecnolog\u00edas avanzadas crean la <strong>sinergia<\/strong> adecuada para lograr los mejores <strong>resultados<\/strong>.<\/p>\n<p>Nuestros puntos fuertes son: cortes\u00eda, eficacia y calidad al servicio de tus ideas.[\/vc_column_text][\/vc_column][vc_column width=\u00bb1\/2&#8243;][vc_column_text]<\/p>\n\n        <style type='text\/css'>\n            #gallery-2 .gallery-item {\n                float: left;\n                text-align: center;\n                width: 50%;\n                margin-bottom:0;\n            }\n            #gallery-2 img {\n            }\n            #gallery-2 .gallery-caption {\n                margin-left: 0;\n            }\n        <\/style>\n        <script type='text\/javascript'>\n        \tjQuery(document).ready(function() {\n\t\t\t\tjQuery('.galleryid-2314').magnificPopup({\n\t\t\t\t\tdelegate: '.gallery-item a',\n\t\t\t\t\ttype: 'image',\n\t\t\t\t\tgallery:{\n\t\t\t\t\t\tenabled:true\n\t\t\t\t\t},\n\t\t\t\t\tzoom: {\n\t\t\t\t\t\tenabled:true\n\t\t\t\t\t}\n\t\t\t\t});\n\t\t\t});\n        <\/script>\n\t\t<div id='gallery-2' class='gallery galleryid-2314 gallery-columns-2 gallery-size-medium-thumb gallery-lightbox'><dl class='gallery-item'>\n            <dt class='gallery-icon'>\n                <a href='https:\/\/www.restamoulds.it\/wp-content\/uploads\/2019\/12\/progettazione2.jpg'><img loading=\"lazy\" decoding=\"async\" width=\"420\" height=\"300\" src=\"https:\/\/www.restamoulds.it\/wp-content\/uploads\/2019\/12\/progettazione2-420x300.jpg\" class=\"attachment-medium-thumb size-medium-thumb\" alt=\"\" \/><\/a>\n            <\/dt><\/dl><dl class='gallery-item'>\n            <dt class='gallery-icon'>\n                <a href='https:\/\/www.restamoulds.it\/wp-content\/uploads\/2019\/12\/progettazione1.jpg'><img loading=\"lazy\" decoding=\"async\" width=\"420\" height=\"300\" src=\"https:\/\/www.restamoulds.it\/wp-content\/uploads\/2019\/12\/progettazione1-420x300.jpg\" class=\"attachment-medium-thumb size-medium-thumb\" alt=\"\" \/><\/a>\n            <\/dt><\/dl><div class=\"clear\"><\/div>\n            <div class=\"clear\"><\/div>\n        <\/div>\n\n<p>[\/vc_column_text][\/vc_column][\/vc_row]<\/p>\n","protected":false},"excerpt":{"rendered":"<p>[vc_row padding_bottom=\u00bb0&#8243;][vc_column][\/vc_column][\/vc_row][vc_row margin_top=\u00bb0&#8243; padding_top=\u00bb10&#8243;][vc_column width=\u00bb1\/2&#8243;][vc_column_text]Fundada en 1979 y con un crecimiento constante, nuestro taller cuenta con la solidez de su larga &#8230;<\/p>\n","protected":false},"author":1,"featured_media":0,"parent":0,"menu_order":0,"comment_status":"closed","ping_status":"closed","template":"","meta":{"footnotes":""},"class_list":["post-2314","page","type-page","status-publish","hentry"],"aioseo_notices":[],"_links":{"self":[{"href":"https:\/\/www.restamoulds.it\/es\/wp-json\/wp\/v2\/pages\/2314","targetHints":{"allow":["GET"]}}],"collection":[{"href":"https:\/\/www.restamoulds.it\/es\/wp-json\/wp\/v2\/pages"}],"about":[{"href":"https:\/\/www.restamoulds.it\/es\/wp-json\/wp\/v2\/types\/page"}],"author":[{"embeddable":true,"href":"https:\/\/www.restamoulds.it\/es\/wp-json\/wp\/v2\/users\/1"}],"replies":[{"embeddable":true,"href":"https:\/\/www.restamoulds.it\/es\/wp-json\/wp\/v2\/comments?post=2314"}],"version-history":[{"count":5,"href":"https:\/\/www.restamoulds.it\/es\/wp-json\/wp\/v2\/pages\/2314\/revisions"}],"predecessor-version":[{"id":2579,"href":"https:\/\/www.restamoulds.it\/es\/wp-json\/wp\/v2\/pages\/2314\/revisions\/2579"}],"wp:attachment":[{"href":"https:\/\/www.restamoulds.it\/es\/wp-json\/wp\/v2\/media?parent=2314"}],"curies":[{"name":"wp","href":"https:\/\/api.w.org\/{rel}","templated":true}]}}