{"id":2310,"date":"2020-12-17T12:30:06","date_gmt":"2020-12-17T11:30:06","guid":{"rendered":"http:\/\/www.restamoulds.it\/home-fullscreen_spa\/"},"modified":"2026-05-07T10:17:18","modified_gmt":"2026-05-07T08:17:18","slug":"home-fullscreen_spa","status":"publish","type":"page","link":"https:\/\/www.restamoulds.it\/es\/","title":{"rendered":"Home FullScreen_spa"},"content":{"rendered":"<p>[vc_row row_type=\u00bbrow_fullwidth_content\u00bb bg_color=\u00bb#333333&#8243; row_text_color=\u00bbrow_text_light\u00bb margin_top=\u00bb-40&#8243; padding_top=\u00bb0&#8243; padding_bottom=\u00bb0&#8243; class=\u00bbfit-screen\u00bb][vc_column][rev_slider_vc alias=\u00bbhome-resta-spa\u00bb][\/vc_column][\/vc_row][vc_row row_type=\u00bbrow_full_center_content\u00bb bg_color=\u00bb#fd972e\u00bb padding_top=\u00bb20&#8243; padding_bottom=\u00bb20&#8243;][vc_column width=\u00bb2\/3&#8243; el_class=\u00bbmobile-center\u00bb css=\u00bb.vc_custom_1576239249154{padding-top: 0px !important;}\u00bb][vc_column_text css=\u00bb.vc_custom_1590571396505{margin-top: -20px !important;padding-top: 0px !important;}\u00bb]<\/p>\n<h2><span style=\"color: #ffffff; display: block; margin-top: 0px;\"><br \/>\nDesde hace m\u00e1s de 40 a\u00f1os producimos moldes para calzado utilizando tecnolog\u00edas de vanguardia, para presentar productos innovadores en plazos reducidos.<\/span><\/h2>\n<p>[\/vc_column_text][\/vc_column][vc_column width=\u00bb1\/3&#8243; el_class=\u00bbmobile-center\u00bb css=\u00bb.vc_custom_1590571456287{padding-top: 20px !important;}\u00bb][vc_button title=\u00bbSOLICITAR INFORMACI\u00d3N\u00bb color=\u00bbghost\u00bb margin_top=\u00bb0&#8243; margin_bottom=\u00bb0&#8243; link=\u00bburl:https%3A%2F%2Fwww.restamoulds.it%2Fes%2Fcontacto%2F|title:Contacto||\u00bb el_class=\u00bbright\u00bb][\/vc_column][\/vc_row][vc_row row_type=\u00bbrow_full_center_content\u00bb margin_top=\u00bb70&#8243; padding_bottom=\u00bb100&#8243;][vc_column width=\u00bb1\/2&#8243;][vc_column_text]<strong>Resta Moulds<\/strong> es una empresa con una <strong>larga experiencia<\/strong> en la creaci\u00f3n de <strong>moldes de<\/strong> <strong>inyecci\u00f3n directa sobre el empeine<\/strong>, para todo tipo de calzados y suelas: casual, deportivo, senderismo, de seguridad y botas militares.<\/p>\n<p>Gracias a una constante renovaci\u00f3n de la inversi\u00f3n en <strong>tecnolog\u00edas<\/strong> de dise\u00f1o y desarrollo de moldes con controles num\u00e9ricos avanzados, actualmente podemos producir moldes de inyecci\u00f3n directa sobre el empeine para cualquier tipo de m\u00e1quina y material:<br \/>\npu \u2013 pu\/pu \u2013 tpu\/pu \u2013 caucho\/pu &#8211; caucho compresi\u00f3n \u2013 pvc compacto\/expandido \u2013 pvc\/tpu-pu \u2013 tr &#8211; etc.[\/vc_column_text][vc_btn title=\u00bbDescubrir m\u00e1s&#8230;\u00bb color=\u00bbwarning\u00bb link=\u00bburl:https%3A%2F%2Fwww.restamoulds.it%2Fes%2Fempresa%2F|title:Empresa||\u00bb][\/vc_column][vc_column width=\u00bb1\/2&#8243;][vc_single_image image=\u00bb2010&#8243; img_size=\u00bblarge\u00bb][\/vc_column][\/vc_row][vc_row row_type=\u00bbrow_full_center_content\u00bb bg_image=\u00bb1176&#8243; row_parallax=\u00bbfalse\u00bb row_color_overlay=\u00bb#fd972e\u00bb row_text_color=\u00bbrow_text_light\u00bb padding_top=\u00bb120&#8243; padding_bottom=\u00bb120&#8243;][vc_column width=\u00bb2\/3&#8243;][vc_column_text]<\/p>\n<h5 class=\"medium-heading-inverted\">PONTE EN CONTACTO CON NOSOTROS<em><br \/>\n<\/em><\/h5>\n<h1 class=\"large-heading-inverted\"><strong>PROFESIONALIDAD Y EXPERIENCIA INTERNACIONAL DESDE 1979<\/strong><\/h1>\n<p><span style=\"color: #ffffff;\">Dise\u00f1o y desarrollo de moldes de inyecci\u00f3n directa sobre el empeine.<\/span>[\/vc_column_text][vc_button title=\u00bbCONTACTO\u00bb color=\u00bbghost\u00bb margin_top=\u00bb-20&#8243; link=\u00bburl:https%3A%2F%2Fwww.restamoulds.it%2Fes%2Fcontacto%2F|title:Contacto||\u00bb][\/vc_column][vc_column width=\u00bb1\/3&#8243;][\/vc_column][\/vc_row]<\/p>\n","protected":false},"excerpt":{"rendered":"<p>[vc_row row_type=\u00bbrow_fullwidth_content\u00bb bg_color=\u00bb#333333&#8243; row_text_color=\u00bbrow_text_light\u00bb margin_top=\u00bb-40&#8243; padding_top=\u00bb0&#8243; padding_bottom=\u00bb0&#8243; class=\u00bbfit-screen\u00bb][vc_column][rev_slider_vc alias=\u00bbhome-resta-spa\u00bb][\/vc_column][\/vc_row][vc_row row_type=\u00bbrow_full_center_content\u00bb bg_color=\u00bb#fd972e\u00bb padding_top=\u00bb20&#8243; padding_bottom=\u00bb20&#8243;][vc_column width=\u00bb2\/3&#8243; el_class=\u00bbmobile-center\u00bb css=\u00bb.vc_custom_1576239249154{padding-top: 0px !important;}\u00bb][vc_column_text css=\u00bb.vc_custom_1590571396505{margin-top: -20px !important;padding-top: &#8230;<\/p>\n","protected":false},"author":1,"featured_media":0,"parent":0,"menu_order":0,"comment_status":"closed","ping_status":"closed","template":"","meta":{"footnotes":""},"class_list":["post-2310","page","type-page","status-publish","hentry"],"aioseo_notices":[],"_links":{"self":[{"href":"https:\/\/www.restamoulds.it\/es\/wp-json\/wp\/v2\/pages\/2310","targetHints":{"allow":["GET"]}}],"collection":[{"href":"https:\/\/www.restamoulds.it\/es\/wp-json\/wp\/v2\/pages"}],"about":[{"href":"https:\/\/www.restamoulds.it\/es\/wp-json\/wp\/v2\/types\/page"}],"author":[{"embeddable":true,"href":"https:\/\/www.restamoulds.it\/es\/wp-json\/wp\/v2\/users\/1"}],"replies":[{"embeddable":true,"href":"https:\/\/www.restamoulds.it\/es\/wp-json\/wp\/v2\/comments?post=2310"}],"version-history":[{"count":7,"href":"https:\/\/www.restamoulds.it\/es\/wp-json\/wp\/v2\/pages\/2310\/revisions"}],"predecessor-version":[{"id":2818,"href":"https:\/\/www.restamoulds.it\/es\/wp-json\/wp\/v2\/pages\/2310\/revisions\/2818"}],"wp:attachment":[{"href":"https:\/\/www.restamoulds.it\/es\/wp-json\/wp\/v2\/media?parent=2310"}],"curies":[{"name":"wp","href":"https:\/\/api.w.org\/{rel}","templated":true}]}}