{"id":2276,"date":"2020-12-16T16:42:51","date_gmt":"2020-12-16T15:42:51","guid":{"rendered":"http:\/\/www.restamoulds.it\/form-fuer-compressed-verdichtetes-gummi\/"},"modified":"2021-08-02T16:26:09","modified_gmt":"2021-08-02T14:26:09","slug":"form-gummi-compressed-verdichtetes","status":"publish","type":"page","link":"https:\/\/www.restamoulds.it\/de\/form-gummi-compressed-verdichtetes\/","title":{"rendered":"FORM GUMMI COMPRESSED\/VERDICHTETES"},"content":{"rendered":"<p>[vc_row padding_bottom=&#8220;0&#8243;][vc_column width=&#8220;2\/3&#8243;]\n\t<div class=\"custom-heading wpb_content_element \">\n\t\t<h2 class=\"heading-title\" >Form f\u00fcr Direktbesohlung f\u00fcr Gummi, m\u00f6gliche Verbindung mit PU-Form<\/h2>\n\t\t<span class=\"heading-line primary\"><\/span>\n\t<\/div>[\/vc_column][vc_column width=&#8220;1\/3&#8243;][vc_btn title=&#8220;zur\u00fcck zur Seite FORMEN&#8220; color=&#8220;warning&#8220; align=&#8220;right&#8220; link=&#8220;url:http%3A%2F%2Fwww.restamoulds.it%2Fstampi%2F|&#8220;][\/vc_column][\/vc_row][vc_row][vc_column width=&#8220;1\/3&#8243;][vc_single_image image=&#8220;1509&#8243; img_size=&#8220;full&#8220; onclick=&#8220;zoom&#8220; css_animation=&#8220;bounceIn&#8220;][\/vc_column][vc_column width=&#8220;2\/3&#8243;][vc_column_text]<strong>Alu-Form:<\/strong><\/p>\n<ul>\n<li>1 Boden mit Deckel<\/li>\n<\/ul>\n<p>[\/vc_column_text][\/vc_column][\/vc_row][vc_row][vc_column]\n\t<div class=\"custom-heading wpb_content_element \">\n\t\t<h2 class=\"heading-title\" >Verwenden<\/h2>\n\t\t<span class=\"heading-line primary\"><\/span>\n\t<\/div>[vc_column_text css_animation=&#8220;bounceInLeft&#8220;]<\/p>\n\n        <style type='text\/css'>\n            #gallery-1 .gallery-item {\n                float: left;\n                text-align: center;\n                width: 50%;\n                margin-bottom:0;\n            }\n            #gallery-1 img {\n            }\n            #gallery-1 .gallery-caption {\n                margin-left: 0;\n            }\n        <\/style>\n        <script type='text\/javascript'>\n        \tjQuery(document).ready(function() {\n\t\t\t\tjQuery('.galleryid-2276').magnificPopup({\n\t\t\t\t\tdelegate: '.gallery-item a',\n\t\t\t\t\ttype: 'image',\n\t\t\t\t\tgallery:{\n\t\t\t\t\t\tenabled:true\n\t\t\t\t\t},\n\t\t\t\t\tzoom: {\n\t\t\t\t\t\tenabled:true\n\t\t\t\t\t}\n\t\t\t\t});\n\t\t\t});\n        <\/script>\n\t\t<div id='gallery-1' class='gallery galleryid-2276 gallery-columns-2 gallery-size-medium-thumb gallery-lightbox'><dl class='gallery-item'>\n            <dt class='gallery-icon'>\n                <a href='https:\/\/www.restamoulds.it\/wp-content\/uploads\/2019\/12\/c3-1.jpg'><img loading=\"lazy\" decoding=\"async\" width=\"500\" height=\"300\" src=\"https:\/\/www.restamoulds.it\/wp-content\/uploads\/2019\/12\/c3-1-500x300.jpg\" class=\"attachment-medium-thumb size-medium-thumb\" alt=\"\" \/><\/a>\n            <\/dt><\/dl><dl class='gallery-item'>\n            <dt class='gallery-icon'>\n                <a href='https:\/\/www.restamoulds.it\/wp-content\/uploads\/2019\/12\/c3-2.jpg'><img loading=\"lazy\" decoding=\"async\" width=\"500\" height=\"300\" src=\"https:\/\/www.restamoulds.it\/wp-content\/uploads\/2019\/12\/c3-2-500x300.jpg\" class=\"attachment-medium-thumb size-medium-thumb\" alt=\"\" \/><\/a>\n            <\/dt><\/dl><div class=\"clear\"><\/div><dl class='gallery-item'>\n            <dt class='gallery-icon'>\n                <a href='https:\/\/www.restamoulds.it\/wp-content\/uploads\/2019\/12\/c3-3.jpg'><img loading=\"lazy\" decoding=\"async\" width=\"500\" height=\"262\" src=\"https:\/\/www.restamoulds.it\/wp-content\/uploads\/2019\/12\/c3-3.jpg\" class=\"attachment-medium-thumb size-medium-thumb\" alt=\"\" srcset=\"https:\/\/www.restamoulds.it\/wp-content\/uploads\/2019\/12\/c3-3.jpg 500w, https:\/\/www.restamoulds.it\/wp-content\/uploads\/2019\/12\/c3-3-300x157.jpg 300w\" sizes=\"auto, (max-width: 500px) 100vw, 500px\" \/><\/a>\n            <\/dt><\/dl><dl class='gallery-item'>\n            <dt class='gallery-icon'>\n                <a href='https:\/\/www.restamoulds.it\/wp-content\/uploads\/2019\/12\/c3-4.jpg'><img loading=\"lazy\" decoding=\"async\" width=\"432\" height=\"300\" src=\"https:\/\/www.restamoulds.it\/wp-content\/uploads\/2019\/12\/c3-4-432x300.jpg\" class=\"attachment-medium-thumb size-medium-thumb\" alt=\"\" \/><\/a>\n            <\/dt><\/dl><div class=\"clear\"><\/div>\n            <div class=\"clear\"><\/div>\n        <\/div>\n\n<p>[\/vc_column_text][\/vc_column][\/vc_row]<\/p>\n","protected":false},"excerpt":{"rendered":"<p>[vc_row padding_bottom=&#8220;0&#8243;][vc_column width=&#8220;2\/3&#8243;][\/vc_column][vc_column width=&#8220;1\/3&#8243;][vc_btn title=&#8220;zur\u00fcck zur Seite FORMEN&#8220; color=&#8220;warning&#8220; align=&#8220;right&#8220; link=&#8220;url:http%3A%2F%2Fwww.restamoulds.it%2Fstampi%2F|&#8220;][\/vc_column][\/vc_row][vc_row][vc_column width=&#8220;1\/3&#8243;][vc_single_image image=&#8220;1509&#8243; img_size=&#8220;full&#8220; onclick=&#8220;zoom&#8220; css_animation=&#8220;bounceIn&#8220;][\/vc_column][vc_column width=&#8220;2\/3&#8243;][vc_column_text]Alu-Form: 1 Boden mit Deckel &#8230;<\/p>\n","protected":false},"author":1,"featured_media":0,"parent":0,"menu_order":0,"comment_status":"closed","ping_status":"closed","template":"","meta":{"footnotes":""},"class_list":["post-2276","page","type-page","status-publish","hentry"],"aioseo_notices":[],"_links":{"self":[{"href":"https:\/\/www.restamoulds.it\/de\/wp-json\/wp\/v2\/pages\/2276","targetHints":{"allow":["GET"]}}],"collection":[{"href":"https:\/\/www.restamoulds.it\/de\/wp-json\/wp\/v2\/pages"}],"about":[{"href":"https:\/\/www.restamoulds.it\/de\/wp-json\/wp\/v2\/types\/page"}],"author":[{"embeddable":true,"href":"https:\/\/www.restamoulds.it\/de\/wp-json\/wp\/v2\/users\/1"}],"replies":[{"embeddable":true,"href":"https:\/\/www.restamoulds.it\/de\/wp-json\/wp\/v2\/comments?post=2276"}],"version-history":[{"count":5,"href":"https:\/\/www.restamoulds.it\/de\/wp-json\/wp\/v2\/pages\/2276\/revisions"}],"predecessor-version":[{"id":2279,"href":"https:\/\/www.restamoulds.it\/de\/wp-json\/wp\/v2\/pages\/2276\/revisions\/2279"}],"wp:attachment":[{"href":"https:\/\/www.restamoulds.it\/de\/wp-json\/wp\/v2\/media?parent=2276"}],"curies":[{"name":"wp","href":"https:\/\/api.w.org\/{rel}","templated":true}]}}