{"id":2224,"date":"2020-12-15T15:18:11","date_gmt":"2020-12-15T14:18:11","guid":{"rendered":"http:\/\/www.restamoulds.it\/projektierung\/"},"modified":"2021-07-29T15:55:47","modified_gmt":"2021-07-29T13:55:47","slug":"projektierung","status":"publish","type":"page","link":"https:\/\/www.restamoulds.it\/de\/projektierung\/","title":{"rendered":"Projektierung"},"content":{"rendered":"<p>[vc_row padding_bottom=&#8220;0&#8243;][vc_column]\n\t<div class=\"custom-heading wpb_content_element \">\n\t\t<h2 class=\"heading-title\" >Projektierung<\/h2>\n\t\t<span class=\"heading-line primary\"><\/span>\n\t<\/div>[\/vc_column][\/vc_row][vc_row margin_top=&#8220;0&#8243; padding_top=&#8220;10&#8243;][vc_column width=&#8220;1\/2&#8243;][vc_column_text]Wir bitten vorab um Kunden Leisten und Entwurf\/Zeichnung, um umgehend mit der Projektierung zu beginnen.<\/p>\n<p>Basis ist eine 2D Zeichnung, die wir nach einscannen des Leisten via Laserscanner in ein virtuelles 3D-Modell \u00fcbertragen.<br \/>\nOptischen Scannern, CAD\/CAM-Systemen, Power Shape, Power Mill (by Autodesk &amp; Cimatron) unterst\u00fctzen die Erstellung eines 3D Muster bis hin zur Serien-Form.<br \/>\nWir garantieren so h\u00f6chste Qualit\u00e4t und Pr\u00e4zision.<br \/>\nDie Gesamtansicht der Form noch vor der Maschinenarbeit.<\/p>\n<p>W\u00e4hrend der <strong>Projektierungsphase<\/strong> stellen wir virtuell folgendes zur Verf\u00fcgung:<br \/>\n&#8211; Gesamtansicht der virtuellen Form;<br \/>\n&#8211; Evtl. notwendige Korrekturw\u00fcnsche des Kunden werden umgehend ber\u00fccksichtigt.[\/vc_column_text][\/vc_column][vc_column width=&#8220;1\/2&#8243;][vc_column_text]<\/p>\n\n        <style type='text\/css'>\n            #gallery-1 .gallery-item {\n                float: left;\n                text-align: center;\n                width: 50%;\n                margin-bottom:0;\n            }\n            #gallery-1 img {\n            }\n            #gallery-1 .gallery-caption {\n                margin-left: 0;\n            }\n        <\/style>\n        <script type='text\/javascript'>\n        \tjQuery(document).ready(function() {\n\t\t\t\tjQuery('.galleryid-2224').magnificPopup({\n\t\t\t\t\tdelegate: '.gallery-item a',\n\t\t\t\t\ttype: 'image',\n\t\t\t\t\tgallery:{\n\t\t\t\t\t\tenabled:true\n\t\t\t\t\t},\n\t\t\t\t\tzoom: {\n\t\t\t\t\t\tenabled:true\n\t\t\t\t\t}\n\t\t\t\t});\n\t\t\t});\n        <\/script>\n\t\t<div id='gallery-1' class='gallery galleryid-2224 gallery-columns-2 gallery-size-medium-thumb gallery-lightbox'><dl class='gallery-item'>\n            <dt class='gallery-icon'>\n                <a href='https:\/\/www.restamoulds.it\/wp-content\/uploads\/2021\/07\/proge_new1.jpg'><img loading=\"lazy\" decoding=\"async\" width=\"600\" height=\"300\" src=\"https:\/\/www.restamoulds.it\/wp-content\/uploads\/2021\/07\/proge_new1-600x300.jpg\" class=\"attachment-medium-thumb size-medium-thumb\" alt=\"\" srcset=\"https:\/\/www.restamoulds.it\/wp-content\/uploads\/2021\/07\/proge_new1-600x300.jpg 600w, https:\/\/www.restamoulds.it\/wp-content\/uploads\/2021\/07\/proge_new1-400x200.jpg 400w\" sizes=\"auto, (max-width: 600px) 100vw, 600px\" \/><\/a>\n            <\/dt><\/dl><dl class='gallery-item'>\n            <dt class='gallery-icon'>\n                <a href='https:\/\/www.restamoulds.it\/wp-content\/uploads\/2021\/07\/proge_new2.jpg'><img loading=\"lazy\" decoding=\"async\" width=\"600\" height=\"300\" src=\"https:\/\/www.restamoulds.it\/wp-content\/uploads\/2021\/07\/proge_new2-600x300.jpg\" class=\"attachment-medium-thumb size-medium-thumb\" alt=\"\" srcset=\"https:\/\/www.restamoulds.it\/wp-content\/uploads\/2021\/07\/proge_new2-600x300.jpg 600w, https:\/\/www.restamoulds.it\/wp-content\/uploads\/2021\/07\/proge_new2-400x200.jpg 400w\" sizes=\"auto, (max-width: 600px) 100vw, 600px\" \/><\/a>\n            <\/dt><\/dl><div class=\"clear\"><\/div><dl class='gallery-item'>\n            <dt class='gallery-icon'>\n                <a href='https:\/\/www.restamoulds.it\/wp-content\/uploads\/2021\/07\/proge_new3.jpg'><img loading=\"lazy\" decoding=\"async\" width=\"600\" height=\"300\" src=\"https:\/\/www.restamoulds.it\/wp-content\/uploads\/2021\/07\/proge_new3-600x300.jpg\" class=\"attachment-medium-thumb size-medium-thumb\" alt=\"\" srcset=\"https:\/\/www.restamoulds.it\/wp-content\/uploads\/2021\/07\/proge_new3-600x300.jpg 600w, https:\/\/www.restamoulds.it\/wp-content\/uploads\/2021\/07\/proge_new3-400x200.jpg 400w\" sizes=\"auto, (max-width: 600px) 100vw, 600px\" \/><\/a>\n            <\/dt><\/dl><dl class='gallery-item'>\n            <dt class='gallery-icon'>\n                <a href='https:\/\/www.restamoulds.it\/wp-content\/uploads\/2021\/07\/proge_new4.jpg'><img loading=\"lazy\" decoding=\"async\" width=\"600\" height=\"300\" src=\"https:\/\/www.restamoulds.it\/wp-content\/uploads\/2021\/07\/proge_new4-600x300.jpg\" class=\"attachment-medium-thumb size-medium-thumb\" alt=\"\" srcset=\"https:\/\/www.restamoulds.it\/wp-content\/uploads\/2021\/07\/proge_new4-600x300.jpg 600w, https:\/\/www.restamoulds.it\/wp-content\/uploads\/2021\/07\/proge_new4-400x200.jpg 400w\" sizes=\"auto, (max-width: 600px) 100vw, 600px\" \/><\/a>\n            <\/dt><\/dl><div class=\"clear\"><\/div><dl class='gallery-item'>\n            <dt class='gallery-icon'>\n                <a href='https:\/\/www.restamoulds.it\/wp-content\/uploads\/2021\/07\/proge_new1_7.jpg'><img loading=\"lazy\" decoding=\"async\" width=\"600\" height=\"300\" src=\"https:\/\/www.restamoulds.it\/wp-content\/uploads\/2021\/07\/proge_new1_7-600x300.jpg\" class=\"attachment-medium-thumb size-medium-thumb\" alt=\"\" srcset=\"https:\/\/www.restamoulds.it\/wp-content\/uploads\/2021\/07\/proge_new1_7-600x300.jpg 600w, https:\/\/www.restamoulds.it\/wp-content\/uploads\/2021\/07\/proge_new1_7-400x200.jpg 400w\" sizes=\"auto, (max-width: 600px) 100vw, 600px\" \/><\/a>\n            <\/dt><\/dl><dl class='gallery-item'>\n            <dt class='gallery-icon'>\n                <a href='https:\/\/www.restamoulds.it\/wp-content\/uploads\/2021\/07\/proge_new2_7.jpg'><img loading=\"lazy\" decoding=\"async\" width=\"600\" height=\"300\" src=\"https:\/\/www.restamoulds.it\/wp-content\/uploads\/2021\/07\/proge_new2_7-600x300.jpg\" class=\"attachment-medium-thumb size-medium-thumb\" alt=\"\" srcset=\"https:\/\/www.restamoulds.it\/wp-content\/uploads\/2021\/07\/proge_new2_7-600x300.jpg 600w, https:\/\/www.restamoulds.it\/wp-content\/uploads\/2021\/07\/proge_new2_7-400x200.jpg 400w\" sizes=\"auto, (max-width: 600px) 100vw, 600px\" \/><\/a>\n            <\/dt><\/dl><div class=\"clear\"><\/div><dl class='gallery-item'>\n            <dt class='gallery-icon'>\n                <a href='https:\/\/www.restamoulds.it\/wp-content\/uploads\/2021\/07\/proge_new3_7.jpg'><img loading=\"lazy\" decoding=\"async\" width=\"600\" height=\"300\" src=\"https:\/\/www.restamoulds.it\/wp-content\/uploads\/2021\/07\/proge_new3_7-600x300.jpg\" class=\"attachment-medium-thumb size-medium-thumb\" alt=\"\" srcset=\"https:\/\/www.restamoulds.it\/wp-content\/uploads\/2021\/07\/proge_new3_7-600x300.jpg 600w, https:\/\/www.restamoulds.it\/wp-content\/uploads\/2021\/07\/proge_new3_7-400x200.jpg 400w\" sizes=\"auto, (max-width: 600px) 100vw, 600px\" \/><\/a>\n            <\/dt><\/dl><dl class='gallery-item'>\n            <dt class='gallery-icon'>\n                <a href='https:\/\/www.restamoulds.it\/wp-content\/uploads\/2021\/07\/proge_new4_7.jpg'><img loading=\"lazy\" decoding=\"async\" width=\"600\" height=\"300\" src=\"https:\/\/www.restamoulds.it\/wp-content\/uploads\/2021\/07\/proge_new4_7-600x300.jpg\" class=\"attachment-medium-thumb size-medium-thumb\" alt=\"\" srcset=\"https:\/\/www.restamoulds.it\/wp-content\/uploads\/2021\/07\/proge_new4_7-600x300.jpg 600w, https:\/\/www.restamoulds.it\/wp-content\/uploads\/2021\/07\/proge_new4_7-400x200.jpg 400w\" sizes=\"auto, (max-width: 600px) 100vw, 600px\" \/><\/a>\n            <\/dt><\/dl><div class=\"clear\"><\/div>\n            <div class=\"clear\"><\/div>\n        <\/div>\n\n<p>[\/vc_column_text][\/vc_column][\/vc_row]<\/p>\n","protected":false},"excerpt":{"rendered":"<p>[vc_row padding_bottom=&#8220;0&#8243;][vc_column][\/vc_column][\/vc_row][vc_row margin_top=&#8220;0&#8243; padding_top=&#8220;10&#8243;][vc_column width=&#8220;1\/2&#8243;][vc_column_text]Wir bitten vorab um Kunden Leisten und Entwurf\/Zeichnung, um umgehend mit der Projektierung zu beginnen. Basis ist &#8230;<\/p>\n","protected":false},"author":1,"featured_media":0,"parent":0,"menu_order":0,"comment_status":"closed","ping_status":"closed","template":"","meta":{"footnotes":""},"class_list":["post-2224","page","type-page","status-publish","hentry"],"aioseo_notices":[],"_links":{"self":[{"href":"https:\/\/www.restamoulds.it\/de\/wp-json\/wp\/v2\/pages\/2224","targetHints":{"allow":["GET"]}}],"collection":[{"href":"https:\/\/www.restamoulds.it\/de\/wp-json\/wp\/v2\/pages"}],"about":[{"href":"https:\/\/www.restamoulds.it\/de\/wp-json\/wp\/v2\/types\/page"}],"author":[{"embeddable":true,"href":"https:\/\/www.restamoulds.it\/de\/wp-json\/wp\/v2\/users\/1"}],"replies":[{"embeddable":true,"href":"https:\/\/www.restamoulds.it\/de\/wp-json\/wp\/v2\/comments?post=2224"}],"version-history":[{"count":3,"href":"https:\/\/www.restamoulds.it\/de\/wp-json\/wp\/v2\/pages\/2224\/revisions"}],"predecessor-version":[{"id":2603,"href":"https:\/\/www.restamoulds.it\/de\/wp-json\/wp\/v2\/pages\/2224\/revisions\/2603"}],"wp:attachment":[{"href":"https:\/\/www.restamoulds.it\/de\/wp-json\/wp\/v2\/media?parent=2224"}],"curies":[{"name":"wp","href":"https:\/\/api.w.org\/{rel}","templated":true}]}}