{"id":2206,"date":"2020-12-15T12:31:00","date_gmt":"2020-12-15T11:31:00","guid":{"rendered":"http:\/\/www.restamoulds.it\/unternehmen\/"},"modified":"2021-07-29T15:14:40","modified_gmt":"2021-07-29T13:14:40","slug":"unternehmen","status":"publish","type":"page","link":"https:\/\/www.restamoulds.it\/de\/unternehmen\/","title":{"rendered":"Unternehmen"},"content":{"rendered":"<p>[vc_row padding_bottom=&#8220;0&#8243;][vc_column]\n\t<div class=\"custom-heading wpb_content_element \">\n\t\t<h2 class=\"heading-title\" >Wer wir sind<\/h2>\n\t\t<span class=\"heading-line primary\"><\/span>\n\t<\/div>[\/vc_column][\/vc_row][vc_row margin_top=&#8220;0&#8243; padding_top=&#8220;10&#8243;][vc_column width=&#8220;1\/2&#8243;][vc_column_text]<strong>Im Jahre 1979<\/strong> gegr\u00fcndet, hat sich RESTA Moulds auf solider Basis stetig weiterentwickelt und als veritabler Partner f\u00fcr seine Kunden ausgezeichnet, in Italien, wie auch im Ausland.<br \/>\n<strong>Mit ganzem Herzen und Verstand stellen sich die Eigent\u00fcmer und das RESTA-Team<\/strong> den Anforderungen seiner Kunden und kombinieren <strong>innovative Technik<\/strong> mit sch\u00f6pferischer Begabung, um so f\u00fcr seine Kunden die besten Formen f\u00fcr Direktbesohlung f\u00fcr diverse Schuhtypen zu realisieren.<\/p>\n<p><strong>Resta Moulds<\/strong>, noch heute wie damals, kennt den Wert der <strong>Erneuerung<\/strong>. Ihre und unsere <strong>sch\u00f6pferische<\/strong> Begabung geben uns die richtige <strong>Idee<\/strong> um die <strong>besten<\/strong> Formen f\u00fcr Direktbesohlung f\u00fcr je. Typ von Schuh zu realisieren.[\/vc_column_text][\/vc_column][vc_column width=&#8220;1\/2&#8243;][vc_column_text]<\/p>\n\n        <style type='text\/css'>\n            #gallery-1 .gallery-item {\n                float: left;\n                text-align: center;\n                width: 50%;\n                margin-bottom:0;\n            }\n            #gallery-1 img {\n            }\n            #gallery-1 .gallery-caption {\n                margin-left: 0;\n            }\n        <\/style>\n        <script type='text\/javascript'>\n        \tjQuery(document).ready(function() {\n\t\t\t\tjQuery('.galleryid-2206').magnificPopup({\n\t\t\t\t\tdelegate: '.gallery-item a',\n\t\t\t\t\ttype: 'image',\n\t\t\t\t\tgallery:{\n\t\t\t\t\t\tenabled:true\n\t\t\t\t\t},\n\t\t\t\t\tzoom: {\n\t\t\t\t\t\tenabled:true\n\t\t\t\t\t}\n\t\t\t\t});\n\t\t\t});\n        <\/script>\n\t\t<div id='gallery-1' class='gallery galleryid-2206 gallery-columns-2 gallery-size-medium-thumb gallery-lightbox'><dl class='gallery-item'>\n            <dt class='gallery-icon'>\n                <a href='https:\/\/www.restamoulds.it\/wp-content\/uploads\/2020\/01\/restamoulds_ingresso-cortile.jpg'><img loading=\"lazy\" decoding=\"async\" width=\"600\" height=\"300\" src=\"https:\/\/www.restamoulds.it\/wp-content\/uploads\/2020\/01\/restamoulds_ingresso-cortile-600x300.jpg\" class=\"attachment-medium-thumb size-medium-thumb\" alt=\"\" srcset=\"https:\/\/www.restamoulds.it\/wp-content\/uploads\/2020\/01\/restamoulds_ingresso-cortile-600x300.jpg 600w, https:\/\/www.restamoulds.it\/wp-content\/uploads\/2020\/01\/restamoulds_ingresso-cortile-400x200.jpg 400w, https:\/\/www.restamoulds.it\/wp-content\/uploads\/2020\/01\/restamoulds_ingresso-cortile-800x400.jpg 800w\" sizes=\"auto, (max-width: 600px) 100vw, 600px\" \/><\/a>\n            <\/dt><\/dl><dl class='gallery-item'>\n            <dt class='gallery-icon'>\n                <a href='https:\/\/www.restamoulds.it\/wp-content\/uploads\/2019\/12\/segrearia-resrta-moulds-376aae86.jpeg'><img loading=\"lazy\" decoding=\"async\" width=\"600\" height=\"300\" src=\"https:\/\/www.restamoulds.it\/wp-content\/uploads\/2019\/12\/segrearia-resrta-moulds-376aae86-600x300.jpeg\" class=\"attachment-medium-thumb size-medium-thumb\" alt=\"\" srcset=\"https:\/\/www.restamoulds.it\/wp-content\/uploads\/2019\/12\/segrearia-resrta-moulds-376aae86-600x300.jpeg 600w, https:\/\/www.restamoulds.it\/wp-content\/uploads\/2019\/12\/segrearia-resrta-moulds-376aae86-400x200.jpeg 400w, https:\/\/www.restamoulds.it\/wp-content\/uploads\/2019\/12\/segrearia-resrta-moulds-376aae86-800x400.jpeg 800w\" sizes=\"auto, (max-width: 600px) 100vw, 600px\" \/><\/a>\n            <\/dt><\/dl><div class=\"clear\"><\/div><dl class='gallery-item'>\n            <dt class='gallery-icon'>\n                <a href='https:\/\/www.restamoulds.it\/wp-content\/uploads\/2019\/12\/resrta-moulds1-b9643470.jpeg'><img loading=\"lazy\" decoding=\"async\" width=\"600\" height=\"300\" src=\"https:\/\/www.restamoulds.it\/wp-content\/uploads\/2019\/12\/resrta-moulds1-b9643470-600x300.jpeg\" class=\"attachment-medium-thumb size-medium-thumb\" alt=\"\" srcset=\"https:\/\/www.restamoulds.it\/wp-content\/uploads\/2019\/12\/resrta-moulds1-b9643470-600x300.jpeg 600w, https:\/\/www.restamoulds.it\/wp-content\/uploads\/2019\/12\/resrta-moulds1-b9643470-400x200.jpeg 400w, https:\/\/www.restamoulds.it\/wp-content\/uploads\/2019\/12\/resrta-moulds1-b9643470-800x400.jpeg 800w\" sizes=\"auto, (max-width: 600px) 100vw, 600px\" \/><\/a>\n            <\/dt><\/dl><dl class='gallery-item'>\n            <dt class='gallery-icon'>\n                <a href='https:\/\/www.restamoulds.it\/wp-content\/uploads\/2019\/12\/resrta-moulds-produzione-afe17a80.jpeg'><img loading=\"lazy\" decoding=\"async\" width=\"600\" height=\"300\" src=\"https:\/\/www.restamoulds.it\/wp-content\/uploads\/2019\/12\/resrta-moulds-produzione-afe17a80-600x300.jpeg\" class=\"attachment-medium-thumb size-medium-thumb\" alt=\"\" srcset=\"https:\/\/www.restamoulds.it\/wp-content\/uploads\/2019\/12\/resrta-moulds-produzione-afe17a80-600x300.jpeg 600w, https:\/\/www.restamoulds.it\/wp-content\/uploads\/2019\/12\/resrta-moulds-produzione-afe17a80-400x200.jpeg 400w, https:\/\/www.restamoulds.it\/wp-content\/uploads\/2019\/12\/resrta-moulds-produzione-afe17a80-800x400.jpeg 800w\" sizes=\"auto, (max-width: 600px) 100vw, 600px\" \/><\/a>\n            <\/dt><\/dl><div class=\"clear\"><\/div>\n            <div class=\"clear\"><\/div>\n        <\/div>\n\n<p>[\/vc_column_text][\/vc_column][\/vc_row][vc_row padding_bottom=&#8220;0&#8243;][vc_column]\n\t<div class=\"custom-heading wpb_content_element \">\n\t\t<h2 class=\"heading-title\" >Beratung<\/h2>\n\t\t<span class=\"heading-line primary\"><\/span>\n\t<\/div>[\/vc_column][\/vc_row][vc_row margin_top=&#8220;0&#8243; padding_top=&#8220;10&#8243;][vc_column width=&#8220;1\/2&#8243;][vc_column_text]Wir bieten einen breiten Erfahrungsschatz f\u00fcr unsere Kunden und folgen kompetent und unterst\u00fctzend auf \u201eSchritt und Tritt\u201c von \u201eZeichnung zur Muster-bis zur Serien-Form\u201c, dies in kurzen und transparenten Schritten.<br \/>\nAuf Basis enger und partnerschaftlicher Kooperation trifft unser Kunde seine Entscheidungen.<\/p>\n<p>Unsere Profession vom ersten Tag an, ist der Dienst am Kunden durch <strong>Professionalit\u00e4t und zielgerichtet eingesetzte Technik<\/strong>.<br \/>\nWir investieren fortw\u00e4hrend in unsere Mitarbeiter, in modernste Technologie um unseren Kunden einen wertvollen Beitrag zu bieten.<\/p>\n<p>Wir stehen f\u00fcr: h\u00f6chste Kundenaffinit\u00e4t, Professionalit\u00e4t und Termintreue.[\/vc_column_text][\/vc_column][vc_column width=&#8220;1\/2&#8243;][vc_column_text]<\/p>\n\n        <style type='text\/css'>\n            #gallery-2 .gallery-item {\n                float: left;\n                text-align: center;\n                width: 50%;\n                margin-bottom:0;\n            }\n            #gallery-2 img {\n            }\n            #gallery-2 .gallery-caption {\n                margin-left: 0;\n            }\n        <\/style>\n        <script type='text\/javascript'>\n        \tjQuery(document).ready(function() {\n\t\t\t\tjQuery('.galleryid-2206').magnificPopup({\n\t\t\t\t\tdelegate: '.gallery-item a',\n\t\t\t\t\ttype: 'image',\n\t\t\t\t\tgallery:{\n\t\t\t\t\t\tenabled:true\n\t\t\t\t\t},\n\t\t\t\t\tzoom: {\n\t\t\t\t\t\tenabled:true\n\t\t\t\t\t}\n\t\t\t\t});\n\t\t\t});\n        <\/script>\n\t\t<div id='gallery-2' class='gallery galleryid-2206 gallery-columns-2 gallery-size-medium-thumb gallery-lightbox'><dl class='gallery-item'>\n            <dt class='gallery-icon'>\n                <a href='https:\/\/www.restamoulds.it\/wp-content\/uploads\/2019\/12\/progettazione2.jpg'><img loading=\"lazy\" decoding=\"async\" width=\"420\" height=\"300\" src=\"https:\/\/www.restamoulds.it\/wp-content\/uploads\/2019\/12\/progettazione2-420x300.jpg\" class=\"attachment-medium-thumb size-medium-thumb\" alt=\"\" \/><\/a>\n            <\/dt><\/dl><dl class='gallery-item'>\n            <dt class='gallery-icon'>\n                <a href='https:\/\/www.restamoulds.it\/wp-content\/uploads\/2019\/12\/progettazione1.jpg'><img loading=\"lazy\" decoding=\"async\" width=\"420\" height=\"300\" src=\"https:\/\/www.restamoulds.it\/wp-content\/uploads\/2019\/12\/progettazione1-420x300.jpg\" class=\"attachment-medium-thumb size-medium-thumb\" alt=\"\" \/><\/a>\n            <\/dt><\/dl><div class=\"clear\"><\/div>\n            <div class=\"clear\"><\/div>\n        <\/div>\n\n<p>[\/vc_column_text][\/vc_column][\/vc_row]<\/p>\n","protected":false},"excerpt":{"rendered":"<p>[vc_row padding_bottom=&#8220;0&#8243;][vc_column][\/vc_column][\/vc_row][vc_row margin_top=&#8220;0&#8243; padding_top=&#8220;10&#8243;][vc_column width=&#8220;1\/2&#8243;][vc_column_text]Im Jahre 1979 gegr\u00fcndet, hat sich RESTA Moulds auf solider Basis stetig weiterentwickelt und als veritabler Partner &#8230;<\/p>\n","protected":false},"author":1,"featured_media":0,"parent":0,"menu_order":0,"comment_status":"closed","ping_status":"closed","template":"","meta":{"footnotes":""},"class_list":["post-2206","page","type-page","status-publish","hentry"],"aioseo_notices":[],"_links":{"self":[{"href":"https:\/\/www.restamoulds.it\/de\/wp-json\/wp\/v2\/pages\/2206","targetHints":{"allow":["GET"]}}],"collection":[{"href":"https:\/\/www.restamoulds.it\/de\/wp-json\/wp\/v2\/pages"}],"about":[{"href":"https:\/\/www.restamoulds.it\/de\/wp-json\/wp\/v2\/types\/page"}],"author":[{"embeddable":true,"href":"https:\/\/www.restamoulds.it\/de\/wp-json\/wp\/v2\/users\/1"}],"replies":[{"embeddable":true,"href":"https:\/\/www.restamoulds.it\/de\/wp-json\/wp\/v2\/comments?post=2206"}],"version-history":[{"count":5,"href":"https:\/\/www.restamoulds.it\/de\/wp-json\/wp\/v2\/pages\/2206\/revisions"}],"predecessor-version":[{"id":2625,"href":"https:\/\/www.restamoulds.it\/de\/wp-json\/wp\/v2\/pages\/2206\/revisions\/2625"}],"wp:attachment":[{"href":"https:\/\/www.restamoulds.it\/de\/wp-json\/wp\/v2\/media?parent=2206"}],"curies":[{"name":"wp","href":"https:\/\/api.w.org\/{rel}","templated":true}]}}